{"id":24,"date":"2021-07-25T17:07:48","date_gmt":"2021-07-25T17:07:48","guid":{"rendered":"https:\/\/demo.bravisthemes.com\/medibo\/?page_id=24"},"modified":"2026-01-09T08:31:09","modified_gmt":"2026-01-09T08:31:09","slug":"contact-us","status":"publish","type":"page","link":"https:\/\/crtsolution.com\/fr\/contact-us\/","title":{"rendered":"Contactez CRTSolution"},"content":{"rendered":"<div data-elementor-type=\"wp-page\" data-elementor-id=\"24\" class=\"elementor elementor-24\">\n\t\t\t\t        <section class=\"elementor-section elementor-top-section elementor-element elementor-element-e419449 elementor-section-height-min-height elementor-section-full_width elementor-section-height-default elementor-section-items-middle ct-header-fixed-none ct-column-none ct-row-scroll-none\" data-id=\"e419449\" data-element_type=\"section\">\n            \n                        <div class=\"elementor-container elementor-column-gap-default\">\n                    <div class=\"elementor-column elementor-col-50 elementor-top-column elementor-element elementor-element-5e7089a ct-column-none\" data-id=\"5e7089a\" data-element_type=\"column\">\n        <div class=\"elementor-widget-wrap elementor-element-populated\">\n                    \n        \t\t<div class=\"elementor-element elementor-element-2c54772 elementor-widget elementor-widget-ct_heading\" data-id=\"2c54772\" data-element_type=\"widget\" data-widget_type=\"ct_heading.default\">\n\t\t\t\t<div class=\"elementor-widget-container\">\n\t\t\t<div class=\"ct-heading h-align- item-st-default\">\r\n    <div class=\"ct-heading--inner\">\r\n    \t    \t\t<div class=\"item--sub-title\">\r\n                <span>\r\n                    Am\u00e9liorez l'expertise de votre \u00e9quipe.                 <\/span>\r\n            <\/div>\r\n    \t        <h3 class=\"item--title case-animate-time st-default\" data-wow-delay=\"ms\">\r\n            <span> Construisons ensemble votre programme de formation et vos services d'assistance.<\/span>        <\/h3>\r\n    <\/div>\r\n<\/div>\r\n\r\n\t\t<\/div>\n\t\t\t\t<\/div>\n\t\t\t\t<div class=\"elementor-element elementor-element-b173ff8 elementor-widget elementor-widget-ct_text_editor\" data-id=\"b173ff8\" data-element_type=\"widget\" data-widget_type=\"ct_text_editor.default\">\n\t\t\t\t<div class=\"elementor-widget-container\">\n\t\t\t<div id=\"ct_text_editor-b173ff8\" class=\"ct-text-editor\" data-wow-delay=\"ms\">\n\t<div class=\"ct-inline-css\"  data-css=\"        \t\t\">\n\n    <\/div>\n\t<div class=\"ct-text-editor elementor-clearfix\">\n\t\t<p>Nous offrons des formations en personne partout dans la province du Qu\u00e9bec et en ligne dans le reste du Canada et aux \u00c9tats-Unis.<\/p>\t\t\n\t<\/div>\n<\/div>\t\t<\/div>\n\t\t\t\t<\/div>\n\t\t            <\/div>\n        <\/div>\n                <div class=\"elementor-column elementor-col-50 elementor-top-column elementor-element elementor-element-3c0afbb ct-column-none\" data-id=\"3c0afbb\" data-element_type=\"column\">\n        <div class=\"elementor-widget-wrap elementor-element-populated\">\n                    \n        \t\t<div class=\"elementor-element elementor-element-91b4fbf elementor-widget elementor-widget-ct_image\" data-id=\"91b4fbf\" data-element_type=\"widget\" data-widget_type=\"ct_image.default\">\n\t\t\t\t<div class=\"elementor-widget-container\">\n\t\t\t<div class=\"ct-image-single\" data-width=\"\" data-height=\"\">\r\n                        <img fetchpriority=\"high\" decoding=\"async\" width=\"1254\" height=\"836\" src=\"https:\/\/crtsolution.com\/wp-content\/uploads\/2025\/06\/qtq80-2GPEW6.jpeg\" class=\"attachment-full\" alt=\"\" \/>            <\/div>\t\t<\/div>\n\t\t\t\t<\/div>\n\t\t            <\/div>\n        <\/div>\n                    <\/div>\n        <\/section>\n                <section class=\"elementor-section elementor-top-section elementor-element elementor-element-63bbdaa elementor-section-stretched bg-primary elementor-section-content-middle elementor-section-boxed elementor-section-height-default elementor-section-height-default ct-header-fixed-none ct-column-none ct-row-scroll-none\" data-id=\"63bbdaa\" data-element_type=\"section\" data-settings=\"{&quot;stretch_section&quot;:&quot;section-stretched&quot;,&quot;background_background&quot;:&quot;classic&quot;}\">\n                            <div class=\"elementor-background-overlay\"><\/div>\n                \n                        <div class=\"elementor-container elementor-column-gap-extended\">\n                    <div class=\"elementor-column elementor-col-100 elementor-top-column elementor-element elementor-element-45de783 ct-column-none\" data-id=\"45de783\" data-element_type=\"column\">\n        <div class=\"elementor-widget-wrap elementor-element-populated\">\n                    \n        \t\t<div class=\"elementor-element elementor-element-f054f85 elementor-widget__width-auto elementor-widget elementor-widget-ct_contact_info\" data-id=\"f054f85\" data-element_type=\"widget\" data-widget_type=\"ct_contact_info.default\">\n\t\t\t\t<div class=\"elementor-widget-container\">\n\t\t\t\r\n<div id=\"ct_contact_info-f054f85\" class=\"ct-contact-info ct-contact-info3\" data-wow-duration=\"1.2s\">\r\n            <div class=\"item--icon icon-shakeThatBooty\">\r\n            <i aria-hidden=\"true\" class=\"flaticon flaticon-phone-call\"><\/i>        <\/div>\r\n            <div class=\"entry-content\">\r\n                    <label class=\"item--title\">\r\n                T\u00e9l\u00e9phone            <\/label>\r\n                            <p class=\"item-sub-title\">\r\n                514 532-1335            <\/p>\r\n            <\/div>\r\n<\/div>\r\n\t\t<\/div>\n\t\t\t\t<\/div>\n\t\t            <\/div>\n        <\/div>\n                    <\/div>\n        <\/section>\n                <section class=\"elementor-section elementor-top-section elementor-element elementor-element-bba74c6 elementor-section-boxed elementor-section-height-default elementor-section-height-default ct-header-fixed-none ct-column-none ct-row-scroll-none\" data-id=\"bba74c6\" data-element_type=\"section\">\n            \n                        <div class=\"elementor-container elementor-column-gap-extended\">\n                    <div class=\"elementor-column elementor-col-100 elementor-top-column elementor-element elementor-element-3c6f963 ct-column-none\" data-id=\"3c6f963\" data-element_type=\"column\">\n        <div class=\"elementor-widget-wrap elementor-element-populated\">\n                    \n        \t\t<div class=\"elementor-element elementor-element-5841904 elementor-widget elementor-widget-ct_heading\" data-id=\"5841904\" data-element_type=\"widget\" data-widget_type=\"ct_heading.default\">\n\t\t\t\t<div class=\"elementor-widget-container\">\n\t\t\t<div class=\"ct-heading h-align-center item-st-default\">\r\n    <div class=\"ct-heading--inner\">\r\n    \t        <h3 class=\"item--title case-animate-time st-default\" data-wow-delay=\"ms\">\r\n            <span>C'est la premi\u00e8re \u00e9tape <\/span>        <\/h3>\r\n    <\/div>\r\n<\/div>\r\n\r\n\t\t<\/div>\n\t\t\t\t<\/div>\n\t\t\t\t<div class=\"elementor-element elementor-element-ae80d3c elementor-widget elementor-widget-ct_text_editor\" data-id=\"ae80d3c\" data-element_type=\"widget\" data-widget_type=\"ct_text_editor.default\">\n\t\t\t\t<div class=\"elementor-widget-container\">\n\t\t\t<div id=\"ct_text_editor-ae80d3c\" class=\"ct-text-editor\" data-wow-delay=\"ms\">\n\t<div class=\"ct-inline-css\"  data-css=\"        \t\t\">\n\n    <\/div>\n\t<div class=\"ct-text-editor elementor-clearfix\">\n\t\t<p>Que vous soyez pr\u00eat \u00e0 inscrire un seul nouvel employ\u00e9 ou que vous souhaitiez d\u00e9velopper un programme de formation complet pour l'ensemble de votre site d'\u00e9tude, nous sommes l\u00e0 pour vous aider ! Veuillez remplir le formulaire ci-dessous, et notre&nbsp;<span style=\"letter-spacing: 0px\">expert en \u00e9valuation<\/span><span style=\"letter-spacing: 0px\">&nbsp;vous contactera rapidement pour discuter de vos besoins sp\u00e9cifiques et vous guider tout au long du processus.<\/span><\/p>\t\t\n\t<\/div>\n<\/div>\t\t<\/div>\n\t\t\t\t<\/div>\n\t\t\t\t<div class=\"elementor-element elementor-element-163872c elementor-widget elementor-widget-ct_contact_form\" data-id=\"163872c\" data-element_type=\"widget\" data-widget_type=\"ct_contact_form.default\">\n\t\t\t\t<div class=\"elementor-widget-container\">\n\t\t\t    <div class=\"ct-contact-form ct-contact-form-layout1 style2 wow fadeIn\">\r\n    \t        <div class=\"ct-contact-form\">\r\n            \n<div class=\"wpcf7 no-js\" id=\"wpcf7-f41-o1\" lang=\"en-US\" dir=\"ltr\">\n<div class=\"screen-reader-response\"><p role=\"status\" aria-live=\"polite\" aria-atomic=\"true\"><\/p> <ul><\/ul><\/div>\n<form action=\"\/fr\/wp-json\/wp\/v2\/pages\/24#wpcf7-f41-o1\" method=\"post\" class=\"wpcf7-form init\" aria-label=\"Contact form\" novalidate=\"novalidate\" data-status=\"init\" data-trp-original-action=\"\/fr\/wp-json\/wp\/v2\/pages\/24#wpcf7-f41-o1\">\n<div style=\"display: none;\">\n<input type=\"hidden\" name=\"_wpcf7\" value=\"41\" \/>\n<input type=\"hidden\" name=\"_wpcf7_version\" value=\"5.9.8\" \/>\n<input type=\"hidden\" name=\"_wpcf7_locale\" value=\"en_US\" \/>\n<input type=\"hidden\" name=\"_wpcf7_unit_tag\" value=\"wpcf7-f41-o1\" \/>\n<input type=\"hidden\" name=\"_wpcf7_container_post\" value=\"0\" \/>\n<input type=\"hidden\" name=\"_wpcf7_posted_data_hash\" value=\"\" \/>\n<input type=\"hidden\" name=\"_wpcf7_recaptcha_response\" value=\"\" \/>\n<\/div>\n<div class=\"wp-row-ctf7\">\n\t<div class=\"row\">\n\t\t<div class=\"col-lg-6 col-md-6\">\n\t\t\t<div class=\"input-filled\">\n\t\t\t\t<p><label>Nom complet<\/label><br \/>\n<span class=\"wpcf7-form-control-wrap\" data-name=\"your-name\"><input size=\"40\" maxlength=\"400\" class=\"wpcf7-form-control wpcf7-text wpcf7-validates-as-required\" aria-required=\"true\" aria-invalid=\"false\" placeholder=\"Michael M. Smith\" value=\"\" type=\"text\" name=\"your-name\" \/><\/span>\n\t\t\t\t<\/p>\n\t\t\t<\/div>\n\t\t<\/div>\n\t\t<div class=\"col-lg-6 col-md-6\">\n\t\t\t<div class=\"input-filled\">\n\t\t\t\t<p><label>Email<\/label><br \/>\n<span class=\"wpcf7-form-control-wrap\" data-name=\"your-email\"><input size=\"40\" maxlength=\"400\" class=\"wpcf7-form-control wpcf7-email wpcf7-validates-as-required wpcf7-text wpcf7-validates-as-email\" aria-required=\"true\" aria-invalid=\"false\" placeholder=\"smith@gmail.com\" value=\"\" type=\"email\" name=\"your-email\" \/><\/span>\n\t\t\t\t<\/p>\n\t\t\t<\/div>\n\t\t<\/div>\n\t\t<div class=\"col-lg-6 col-md-6\">\n\t\t\t<div class=\"input-filled\">\n\t\t\t\t<p><label>T\u00e9l\u00e9phone<\/label><br \/>\n<span class=\"wpcf7-form-control-wrap\" data-name=\"your-phone\"><input size=\"40\" maxlength=\"400\" class=\"wpcf7-form-control wpcf7-text wpcf7-validates-as-required\" aria-required=\"true\" aria-invalid=\"false\" placeholder=\"+1 (506) 234-5678\" value=\"\" type=\"text\" name=\"your-phone\" \/><\/span>\n\t\t\t\t<\/p>\n\t\t\t<\/div>\n\t\t<\/div>\n\t\t<div class=\"col-lg-6 col-md-6\">\n\t\t\t<div class=\"input-filled\">\n\t\t\t\t<p><label> Votre Organisation (le cas \u00e9ch\u00e9ant)<\/label><br \/>\n<span class=\"wpcf7-form-control-wrap\" data-name=\"your-website\"><input size=\"40\" maxlength=\"400\" class=\"wpcf7-form-control wpcf7-text\" aria-invalid=\"false\" placeholder=\"Organization name\" value=\"\" type=\"text\" name=\"your-website\" \/><\/span>\n\t\t\t\t<\/p>\n\t\t\t<\/div>\n\t\t<\/div>\n\t\t<div class=\"col-lg-12\">\n\t\t\t<div class=\"input-filled\">\n\t\t\t\t<p><label> Message<\/label><br \/>\n<span class=\"wpcf7-form-control-wrap\" data-name=\"your-message\"><textarea cols=\"40\" rows=\"10\" maxlength=\"2000\" class=\"wpcf7-form-control wpcf7-textarea\" aria-invalid=\"false\" placeholder=\"Message\" name=\"your-message\"><\/textarea><\/span>\n\t\t\t\t<\/p>\n\t\t\t<\/div>\n\t\t<\/div>\n\t\t<div class=\"col-lg-12\">\n\t\t\t<p><div id=\"cf7sr-69e79ff976563\" class=\"cf7sr-g-recaptcha\" data-theme=\"light\" data-type=\"image\" data-size=\"normal\" data-sitekey=\"6Ld-lTgqAAAAAOdXQ4iPWEMZHpTfCLtv-Jj1G8VJ\"><\/div><span class=\"wpcf7-form-control-wrap cf7sr-recaptcha\" data-name=\"cf7sr-recaptcha\"><input type=\"hidden\" name=\"cf7sr-recaptcha\" value=\"\" class=\"wpcf7-form-control\"><\/span>\n\t\t\t<\/p>\n\t\t<\/div>\n\t\t<div class=\"col-lg-12\">\n\t\t\t<div class=\"input-filled input-filled-btn\">\n\t\t\t\t<p><input class=\"wpcf7-form-control wpcf7-submit has-spinner\" type=\"submit\" value=\"Envoyez-nous un message\" \/>\n\t\t\t\t<\/p>\n\t\t\t<\/div>\n\t\t<\/div>\n\t<\/div>\n<\/div><div class=\"wpcf7-response-output\" aria-hidden=\"true\"><\/div>\n<input type=\"hidden\" name=\"trp-form-language\" value=\"fr\"\/><\/form>\n<\/div>\n        <\/div>\r\n    <\/div>\r\n\t\t<\/div>\n\t\t\t\t<\/div>\n\t\t            <\/div>\n        <\/div>\n                    <\/div>\n        <\/section>\n        \t\t<\/div>","protected":false},"excerpt":{"rendered":"<p>Elevate Your Team&#039;s Expertise. Let&#8217;s Build Your Training Program &amp; Support Services. We offer in person training across the province of Quebec and virtually across the rest of Canada and the United States. Phone Number 514 532-1335 This is the first step Whether you&#8217;re ready to enroll a single new hire, wish to develop a [&hellip;]<\/p>\n","protected":false},"author":1,"featured_media":0,"parent":0,"menu_order":0,"comment_status":"closed","ping_status":"closed","template":"","meta":{"_coblocks_attr":"","_coblocks_dimensions":"","_coblocks_responsive_height":"","_coblocks_accordion_ie_support":"","footnotes":""},"class_list":["post-24","page","type-page","status-publish","hentry"],"yoast_head":"<!-- This site is optimized with the Yoast SEO plugin v27.4 - https:\/\/yoast.com\/product\/yoast-seo-wordpress\/ -->\n<title>Contact Us-CRTSolution - site.crtsolution<\/title>\n<meta name=\"robots\" content=\"index, follow, max-snippet:-1, max-image-preview:large, max-video-preview:-1\" \/>\n<link rel=\"canonical\" href=\"https:\/\/crtsolution.com\/fr\/contact-us\/\" \/>\n<meta property=\"og:locale\" content=\"fr_FR\" \/>\n<meta property=\"og:type\" content=\"article\" \/>\n<meta property=\"og:title\" content=\"Contact Us-CRTSolution - site.crtsolution\" \/>\n<meta property=\"og:description\" content=\"Elevate Your Team&#039;s Expertise. Let&#8217;s Build Your Training Program &amp; Support Services. We offer in person training across the province of Quebec and virtually across the rest of Canada and the United States. Phone Number 514 532-1335 This is the first step Whether you&#8217;re ready to enroll a single new hire, wish to develop a [&hellip;]\" \/>\n<meta property=\"og:url\" content=\"https:\/\/crtsolution.com\/fr\/contact-us\/\" \/>\n<meta property=\"og:site_name\" content=\"site.crtsolution\" \/>\n<meta property=\"article:modified_time\" content=\"2026-01-09T08:31:09+00:00\" \/>\n<meta property=\"og:image\" content=\"https:\/\/crtsolution.com\/wp-content\/uploads\/2025\/06\/qtq80-2GPEW6.jpeg\" \/>\n<meta name=\"twitter:card\" content=\"summary_large_image\" \/>\n<meta name=\"twitter:label1\" content=\"Dur\u00e9e de lecture estim\u00e9e\" \/>\n\t<meta name=\"twitter:data1\" content=\"1 minute\" \/>\n<script type=\"application\/ld+json\" class=\"yoast-schema-graph\">{\"@context\":\"https:\\\/\\\/schema.org\",\"@graph\":[{\"@type\":\"WebPage\",\"@id\":\"https:\\\/\\\/crtsolution.com\\\/contact-us\\\/\",\"url\":\"https:\\\/\\\/crtsolution.com\\\/contact-us\\\/\",\"name\":\"Contact Us-CRTSolution - site.crtsolution\",\"isPartOf\":{\"@id\":\"https:\\\/\\\/crtsolution.com\\\/#website\"},\"primaryImageOfPage\":{\"@id\":\"https:\\\/\\\/crtsolution.com\\\/contact-us\\\/#primaryimage\"},\"image\":{\"@id\":\"https:\\\/\\\/crtsolution.com\\\/contact-us\\\/#primaryimage\"},\"thumbnailUrl\":\"https:\\\/\\\/crtsolution.com\\\/wp-content\\\/uploads\\\/2025\\\/06\\\/qtq80-2GPEW6.jpeg\",\"datePublished\":\"2021-07-25T17:07:48+00:00\",\"dateModified\":\"2026-01-09T08:31:09+00:00\",\"breadcrumb\":{\"@id\":\"https:\\\/\\\/crtsolution.com\\\/contact-us\\\/#breadcrumb\"},\"inLanguage\":\"fr-FR\",\"potentialAction\":[{\"@type\":\"ReadAction\",\"target\":[\"https:\\\/\\\/crtsolution.com\\\/contact-us\\\/\"]}]},{\"@type\":\"ImageObject\",\"inLanguage\":\"fr-FR\",\"@id\":\"https:\\\/\\\/crtsolution.com\\\/contact-us\\\/#primaryimage\",\"url\":\"https:\\\/\\\/crtsolution.com\\\/wp-content\\\/uploads\\\/2025\\\/06\\\/qtq80-2GPEW6.jpeg\",\"contentUrl\":\"https:\\\/\\\/crtsolution.com\\\/wp-content\\\/uploads\\\/2025\\\/06\\\/qtq80-2GPEW6.jpeg\"},{\"@type\":\"BreadcrumbList\",\"@id\":\"https:\\\/\\\/crtsolution.com\\\/contact-us\\\/#breadcrumb\",\"itemListElement\":[{\"@type\":\"ListItem\",\"position\":1,\"name\":\"Home\",\"item\":\"https:\\\/\\\/crtsolution.com\\\/\"},{\"@type\":\"ListItem\",\"position\":2,\"name\":\"Contact Us-CRTSolution\"}]},{\"@type\":\"WebSite\",\"@id\":\"https:\\\/\\\/crtsolution.com\\\/#website\",\"url\":\"https:\\\/\\\/crtsolution.com\\\/\",\"name\":\"site.crtsolution\",\"description\":\"\",\"potentialAction\":[{\"@type\":\"SearchAction\",\"target\":{\"@type\":\"EntryPoint\",\"urlTemplate\":\"https:\\\/\\\/crtsolution.com\\\/?s={search_term_string}\"},\"query-input\":{\"@type\":\"PropertyValueSpecification\",\"valueRequired\":true,\"valueName\":\"search_term_string\"}}],\"inLanguage\":\"fr-FR\"}]}<\/script>\n<!-- \/ Yoast SEO plugin. -->","yoast_head_json":{"title":"Contact Us-CRTSolution - site.crtsolution","robots":{"index":"index","follow":"follow","max-snippet":"max-snippet:-1","max-image-preview":"max-image-preview:large","max-video-preview":"max-video-preview:-1"},"canonical":"https:\/\/crtsolution.com\/fr\/contact-us\/","og_locale":"fr_FR","og_type":"article","og_title":"Contact Us-CRTSolution - site.crtsolution","og_description":"Elevate Your Team&#039;s Expertise. Let&#8217;s Build Your Training Program &amp; Support Services. We offer in person training across the province of Quebec and virtually across the rest of Canada and the United States. Phone Number 514 532-1335 This is the first step Whether you&#8217;re ready to enroll a single new hire, wish to develop a [&hellip;]","og_url":"https:\/\/crtsolution.com\/fr\/contact-us\/","og_site_name":"site.crtsolution","article_modified_time":"2026-01-09T08:31:09+00:00","og_image":[{"url":"https:\/\/crtsolution.com\/wp-content\/uploads\/2025\/06\/qtq80-2GPEW6.jpeg","type":"","width":"","height":""}],"twitter_card":"summary_large_image","twitter_misc":{"Dur\u00e9e de lecture estim\u00e9e":"1 minute"},"schema":{"@context":"https:\/\/schema.org","@graph":[{"@type":"WebPage","@id":"https:\/\/crtsolution.com\/contact-us\/","url":"https:\/\/crtsolution.com\/contact-us\/","name":"Contact Us-CRTSolution - site.crtsolution","isPartOf":{"@id":"https:\/\/crtsolution.com\/#website"},"primaryImageOfPage":{"@id":"https:\/\/crtsolution.com\/contact-us\/#primaryimage"},"image":{"@id":"https:\/\/crtsolution.com\/contact-us\/#primaryimage"},"thumbnailUrl":"https:\/\/crtsolution.com\/wp-content\/uploads\/2025\/06\/qtq80-2GPEW6.jpeg","datePublished":"2021-07-25T17:07:48+00:00","dateModified":"2026-01-09T08:31:09+00:00","breadcrumb":{"@id":"https:\/\/crtsolution.com\/contact-us\/#breadcrumb"},"inLanguage":"fr-FR","potentialAction":[{"@type":"ReadAction","target":["https:\/\/crtsolution.com\/contact-us\/"]}]},{"@type":"ImageObject","inLanguage":"fr-FR","@id":"https:\/\/crtsolution.com\/contact-us\/#primaryimage","url":"https:\/\/crtsolution.com\/wp-content\/uploads\/2025\/06\/qtq80-2GPEW6.jpeg","contentUrl":"https:\/\/crtsolution.com\/wp-content\/uploads\/2025\/06\/qtq80-2GPEW6.jpeg"},{"@type":"BreadcrumbList","@id":"https:\/\/crtsolution.com\/contact-us\/#breadcrumb","itemListElement":[{"@type":"ListItem","position":1,"name":"Home","item":"https:\/\/crtsolution.com\/"},{"@type":"ListItem","position":2,"name":"Contact Us-CRTSolution"}]},{"@type":"WebSite","@id":"https:\/\/crtsolution.com\/#website","url":"https:\/\/crtsolution.com\/","name":"site.crtsolution","description":"","potentialAction":[{"@type":"SearchAction","target":{"@type":"EntryPoint","urlTemplate":"https:\/\/crtsolution.com\/?s={search_term_string}"},"query-input":{"@type":"PropertyValueSpecification","valueRequired":true,"valueName":"search_term_string"}}],"inLanguage":"fr-FR"}]}},"_links":{"self":[{"href":"https:\/\/crtsolution.com\/fr\/wp-json\/wp\/v2\/pages\/24","targetHints":{"allow":["GET"]}}],"collection":[{"href":"https:\/\/crtsolution.com\/fr\/wp-json\/wp\/v2\/pages"}],"about":[{"href":"https:\/\/crtsolution.com\/fr\/wp-json\/wp\/v2\/types\/page"}],"author":[{"embeddable":true,"href":"https:\/\/crtsolution.com\/fr\/wp-json\/wp\/v2\/users\/1"}],"replies":[{"embeddable":true,"href":"https:\/\/crtsolution.com\/fr\/wp-json\/wp\/v2\/comments?post=24"}],"version-history":[{"count":42,"href":"https:\/\/crtsolution.com\/fr\/wp-json\/wp\/v2\/pages\/24\/revisions"}],"predecessor-version":[{"id":13150,"href":"https:\/\/crtsolution.com\/fr\/wp-json\/wp\/v2\/pages\/24\/revisions\/13150"}],"wp:attachment":[{"href":"https:\/\/crtsolution.com\/fr\/wp-json\/wp\/v2\/media?parent=24"}],"curies":[{"name":"wp","href":"https:\/\/api.w.org\/{rel}","templated":true}]}}