{"id":21,"date":"2021-07-25T17:06:39","date_gmt":"2021-07-25T17:06:39","guid":{"rendered":"https:\/\/demo.bravisthemes.com\/medibo\/?page_id=21"},"modified":"2025-10-08T17:53:00","modified_gmt":"2025-10-08T17:53:00","slug":"about-crts","status":"publish","type":"page","link":"https:\/\/crtsolution.com\/fr\/about-crts\/","title":{"rendered":"\u00c0 propos de CRTSolution"},"content":{"rendered":"<div data-elementor-type=\"wp-page\" data-elementor-id=\"21\" class=\"elementor elementor-21\">\n\t\t\t\t        <section class=\"elementor-section elementor-top-section elementor-element elementor-element-bdd67b0 elementor-section-stretched elementor-section-boxed elementor-section-height-default elementor-section-height-default ct-header-fixed-none ct-column-none ct-row-scroll-none\" data-id=\"bdd67b0\" data-element_type=\"section\" data-settings=\"{&quot;stretch_section&quot;:&quot;section-stretched&quot;}\">\n            \n                        <div class=\"elementor-container elementor-column-gap-extended\">\n                    <div class=\"elementor-column elementor-col-50 elementor-top-column elementor-element elementor-element-7cd4390 ct-column-none\" data-id=\"7cd4390\" data-element_type=\"column\">\n        <div class=\"elementor-widget-wrap elementor-element-populated\">\n                    \n        \t\t<div class=\"elementor-element elementor-element-da06554 elementor-widget elementor-widget-ct_image\" data-id=\"da06554\" data-element_type=\"widget\" data-widget_type=\"ct_image.default\">\n\t\t\t\t<div class=\"elementor-widget-container\">\n\t\t\t<div class=\"ct-image-single\" data-width=\"\" data-height=\"\">\r\n                        <img fetchpriority=\"high\" decoding=\"async\" width=\"1000\" height=\"617\" src=\"https:\/\/crtsolution.com\/wp-content\/uploads\/2024\/11\/About-CRTS.jpg\" class=\"attachment-full\" alt=\"\" \/>            <\/div>\t\t<\/div>\n\t\t\t\t<\/div>\n\t\t        <section class=\"elementor-section elementor-inner-section elementor-element elementor-element-cb4f321 elementor-section-boxed elementor-section-height-default elementor-section-height-default ct-header-fixed-none ct-column-none ct-row-scroll-none\" data-id=\"cb4f321\" data-element_type=\"section\">\n            \n                        <div class=\"elementor-container elementor-column-gap-extended\">\n                    <div class=\"elementor-column elementor-col-100 elementor-inner-column elementor-element elementor-element-c39082d ct-column-none\" data-id=\"c39082d\" data-element_type=\"column\">\n        <div class=\"elementor-widget-wrap\">\n                    \n                    <\/div>\n        <\/div>\n                    <\/div>\n        <\/section>\n                    <\/div>\n        <\/div>\n                <div class=\"elementor-column elementor-col-50 elementor-top-column elementor-element elementor-element-ba6ae8f ct-column-none\" data-id=\"ba6ae8f\" data-element_type=\"column\">\n        <div class=\"elementor-widget-wrap elementor-element-populated\">\n                    \n        \t\t<div class=\"elementor-element elementor-element-2c777ad elementor-widget elementor-widget-ct_heading\" data-id=\"2c777ad\" data-element_type=\"widget\" data-widget_type=\"ct_heading.default\">\n\t\t\t\t<div class=\"elementor-widget-container\">\n\t\t\t<div class=\"ct-heading h-align- item-st-default\">\r\n    <div class=\"ct-heading--inner\">\r\n    \t    \t\t<div class=\"item--sub-title\">\r\n                <span>\r\n                    \u00c0 propos de CRTSolution                <\/span>\r\n            <\/div>\r\n    \t        <h3 class=\"item--title case-animate-time st-default fadeInRight\" data-wow-delay=\"ms\">\r\n            <span>Services de formation et de soutien en recherche clinique<\/span>        <\/h3>\r\n    <\/div>\r\n<\/div>\r\n\r\n\t\t<\/div>\n\t\t\t\t<\/div>\n\t\t\t\t<div class=\"elementor-element elementor-element-24eb47c elementor-widget elementor-widget-ct_text_editor\" data-id=\"24eb47c\" data-element_type=\"widget\" data-widget_type=\"ct_text_editor.default\">\n\t\t\t\t<div class=\"elementor-widget-container\">\n\t\t\t<div id=\"ct_text_editor-24eb47c\" class=\"ct-text-editor wow fadeInRight\" data-wow-delay=\"ms\">\n\t<div class=\"ct-inline-css\"  data-css=\"        \t\t\">\n\n    <\/div>\n\t<div class=\"ct-text-editor elementor-clearfix\">\n\t\t<div style=\"text-align: justify!important\"><p>CRTSolution est une entreprise canadienne incorpor\u00e9e en 2020 qui se sp\u00e9cialise dans la formation en recherche clinique.<\/p><p>Notre objectif principal est d'encadrer les chercheurs (sites d'\u00e9tude) en leur fournissant une formation pratique sur mesure con\u00e7ue pour acc\u00e9l\u00e9rer le processus de qualification et d\u2019int\u00e9gration des nouveaux employ\u00e9s aux activit\u00e9s d\u2019essais cliniques. La capacit\u00e9 des employ\u00e9s \u00e0 contribuer au succ\u00e8s global des \u00e9tudes de recherche clinique dans le d\u00e9veloppement de traitements m\u00e9dicaux innovants et de qualit\u00e9 s\u2019en trouve ainsi am\u00e9lior\u00e9e.<\/p><p class=\"pad-bot\">Les principaux objectifs sont :<\/p><ul class=\"abt-list\"><li><strong>Optimiser la performance au travail<\/strong> menant \u00e0 la motivation et la \u00a0\u00a0\u00a0\u00a0\u00a0confiance en soi des employ\u00e9s ;<\/li><li>Donner des\u00a0<strong>conseils pratiques\u00a0<\/strong>en mati\u00e8re de processus de\u00a0<br>\u00a0\u00a0\u00a0\u00a0 recherche ;<\/li><li>Assurer un\u00a0<strong>soutien continu<\/strong>\u00a0aupr\u00e8s des employ\u00e9s.<\/li><\/ul><section id=\"post-bottom-text-section\" class=\"post-bottom-text-section\"><div class=\"row\"><div class=\"columns large-12\"><div class=\"bottom-text text-center\"><p class=\"text-left\">Chez CRTSolution, l'int\u00e9grit\u00e9, la fiabilit\u00e9 et l'expertise sont les piliers de notre culture, de nos valeurs fondamentales et de notre code de conduite. Par cons\u00e9quent, nos services sont fournis selon les meilleures pratiques et normes \u00e9thiques, de mani\u00e8re coh\u00e9rente et dans un souci constant de comprendre et de satisfaire les besoins de nos clients.<\/p><\/div><\/div><\/div><\/section><\/div>\t\t\n\t<\/div>\n<\/div>\t\t<\/div>\n\t\t\t\t<\/div>\n\t\t\t\t<div class=\"elementor-element elementor-element-fa233f4 elementor-widget elementor-widget-ct_button\" data-id=\"fa233f4\" data-element_type=\"widget\" data-widget_type=\"ct_button.default\">\n\t\t\t\t<div class=\"elementor-widget-container\">\n\t\t\t<div id=\"ct_button-fa233f4\" class=\"ct-button-wrapper ct-button-layout1\">\r\n            <span class=\"ct-icon-active\"><\/span>\r\n        <a href=\"https:\/\/crtsolution.com\/fr\/contact-us\/\" target=\"_blank\" class=\"btn btn-default btn-animate wow fadeInRight icon-ps-left\" data-wow-delay=\"ms\">\r\n                            <span class=\"ct-button-icon ct-align-icon-left\">\r\n                            <\/span>\r\n                <span class=\"ct-button-text\">Contactez CRTSolution d\u00e8s aujourd'hui !<\/span>\r\n    <\/a>\r\n<\/div>\t\t<\/div>\n\t\t\t\t<\/div>\n\t\t            <\/div>\n        <\/div>\n                    <\/div>\n        <\/section>\n        \t\t<\/div>","protected":false},"excerpt":{"rendered":"<p>About CRTSolution Clinical Research Training &amp; Support Services CRTSolution is a Canadian company incorporated in 2020 that specializes in clinical research training. Our main goal is to assist researchers (study sites) by providing personalized, hands-on training designed to improve the rate at which newly hired staff becomes qualified and fit for clinical trial activities, thereby [&hellip;]<\/p>\n","protected":false},"author":1,"featured_media":0,"parent":0,"menu_order":0,"comment_status":"closed","ping_status":"closed","template":"","meta":{"_coblocks_attr":"","_coblocks_dimensions":"","_coblocks_responsive_height":"","_coblocks_accordion_ie_support":"","footnotes":""},"class_list":["post-21","page","type-page","status-publish","hentry"],"yoast_head":"<!-- This site is optimized with the Yoast SEO plugin v27.4 - https:\/\/yoast.com\/product\/yoast-seo-wordpress\/ -->\n<title>About CRTSolution - site.crtsolution<\/title>\n<meta name=\"robots\" content=\"index, follow, max-snippet:-1, max-image-preview:large, max-video-preview:-1\" \/>\n<link rel=\"canonical\" href=\"https:\/\/crtsolution.com\/fr\/about-crts\/\" \/>\n<meta property=\"og:locale\" content=\"fr_FR\" \/>\n<meta property=\"og:type\" content=\"article\" \/>\n<meta property=\"og:title\" content=\"About CRTSolution - site.crtsolution\" \/>\n<meta property=\"og:description\" content=\"About CRTSolution Clinical Research Training &amp; Support Services CRTSolution is a Canadian company incorporated in 2020 that specializes in clinical research training. Our main goal is to assist researchers (study sites) by providing personalized, hands-on training designed to improve the rate at which newly hired staff becomes qualified and fit for clinical trial activities, thereby [&hellip;]\" \/>\n<meta property=\"og:url\" content=\"https:\/\/crtsolution.com\/fr\/about-crts\/\" \/>\n<meta property=\"og:site_name\" content=\"site.crtsolution\" \/>\n<meta property=\"article:modified_time\" content=\"2025-10-08T17:53:00+00:00\" \/>\n<meta property=\"og:image\" content=\"https:\/\/crtsolution.com\/wp-content\/uploads\/2024\/11\/About-CRTS.jpg\" \/>\n<meta name=\"twitter:card\" content=\"summary_large_image\" \/>\n<meta name=\"twitter:label1\" content=\"Dur\u00e9e de lecture estim\u00e9e\" \/>\n\t<meta name=\"twitter:data1\" content=\"1 minute\" \/>\n<script type=\"application\/ld+json\" class=\"yoast-schema-graph\">{\"@context\":\"https:\\\/\\\/schema.org\",\"@graph\":[{\"@type\":\"WebPage\",\"@id\":\"https:\\\/\\\/crtsolution.com\\\/about-crts\\\/\",\"url\":\"https:\\\/\\\/crtsolution.com\\\/about-crts\\\/\",\"name\":\"About CRTSolution - site.crtsolution\",\"isPartOf\":{\"@id\":\"https:\\\/\\\/crtsolution.com\\\/#website\"},\"primaryImageOfPage\":{\"@id\":\"https:\\\/\\\/crtsolution.com\\\/about-crts\\\/#primaryimage\"},\"image\":{\"@id\":\"https:\\\/\\\/crtsolution.com\\\/about-crts\\\/#primaryimage\"},\"thumbnailUrl\":\"https:\\\/\\\/crtsolution.com\\\/wp-content\\\/uploads\\\/2024\\\/11\\\/About-CRTS.jpg\",\"datePublished\":\"2021-07-25T17:06:39+00:00\",\"dateModified\":\"2025-10-08T17:53:00+00:00\",\"breadcrumb\":{\"@id\":\"https:\\\/\\\/crtsolution.com\\\/about-crts\\\/#breadcrumb\"},\"inLanguage\":\"fr-FR\",\"potentialAction\":[{\"@type\":\"ReadAction\",\"target\":[\"https:\\\/\\\/crtsolution.com\\\/about-crts\\\/\"]}]},{\"@type\":\"ImageObject\",\"inLanguage\":\"fr-FR\",\"@id\":\"https:\\\/\\\/crtsolution.com\\\/about-crts\\\/#primaryimage\",\"url\":\"https:\\\/\\\/crtsolution.com\\\/wp-content\\\/uploads\\\/2024\\\/11\\\/About-CRTS.jpg\",\"contentUrl\":\"https:\\\/\\\/crtsolution.com\\\/wp-content\\\/uploads\\\/2024\\\/11\\\/About-CRTS.jpg\"},{\"@type\":\"BreadcrumbList\",\"@id\":\"https:\\\/\\\/crtsolution.com\\\/about-crts\\\/#breadcrumb\",\"itemListElement\":[{\"@type\":\"ListItem\",\"position\":1,\"name\":\"Home\",\"item\":\"https:\\\/\\\/crtsolution.com\\\/\"},{\"@type\":\"ListItem\",\"position\":2,\"name\":\"About CRTSolution\"}]},{\"@type\":\"WebSite\",\"@id\":\"https:\\\/\\\/crtsolution.com\\\/#website\",\"url\":\"https:\\\/\\\/crtsolution.com\\\/\",\"name\":\"site.crtsolution\",\"description\":\"\",\"potentialAction\":[{\"@type\":\"SearchAction\",\"target\":{\"@type\":\"EntryPoint\",\"urlTemplate\":\"https:\\\/\\\/crtsolution.com\\\/?s={search_term_string}\"},\"query-input\":{\"@type\":\"PropertyValueSpecification\",\"valueRequired\":true,\"valueName\":\"search_term_string\"}}],\"inLanguage\":\"fr-FR\"}]}<\/script>\n<!-- \/ Yoast SEO plugin. -->","yoast_head_json":{"title":"About CRTSolution - site.crtsolution","robots":{"index":"index","follow":"follow","max-snippet":"max-snippet:-1","max-image-preview":"max-image-preview:large","max-video-preview":"max-video-preview:-1"},"canonical":"https:\/\/crtsolution.com\/fr\/about-crts\/","og_locale":"fr_FR","og_type":"article","og_title":"About CRTSolution - site.crtsolution","og_description":"About CRTSolution Clinical Research Training &amp; Support Services CRTSolution is a Canadian company incorporated in 2020 that specializes in clinical research training. Our main goal is to assist researchers (study sites) by providing personalized, hands-on training designed to improve the rate at which newly hired staff becomes qualified and fit for clinical trial activities, thereby [&hellip;]","og_url":"https:\/\/crtsolution.com\/fr\/about-crts\/","og_site_name":"site.crtsolution","article_modified_time":"2025-10-08T17:53:00+00:00","og_image":[{"url":"https:\/\/crtsolution.com\/wp-content\/uploads\/2024\/11\/About-CRTS.jpg","type":"","width":"","height":""}],"twitter_card":"summary_large_image","twitter_misc":{"Dur\u00e9e de lecture estim\u00e9e":"1 minute"},"schema":{"@context":"https:\/\/schema.org","@graph":[{"@type":"WebPage","@id":"https:\/\/crtsolution.com\/about-crts\/","url":"https:\/\/crtsolution.com\/about-crts\/","name":"About CRTSolution - site.crtsolution","isPartOf":{"@id":"https:\/\/crtsolution.com\/#website"},"primaryImageOfPage":{"@id":"https:\/\/crtsolution.com\/about-crts\/#primaryimage"},"image":{"@id":"https:\/\/crtsolution.com\/about-crts\/#primaryimage"},"thumbnailUrl":"https:\/\/crtsolution.com\/wp-content\/uploads\/2024\/11\/About-CRTS.jpg","datePublished":"2021-07-25T17:06:39+00:00","dateModified":"2025-10-08T17:53:00+00:00","breadcrumb":{"@id":"https:\/\/crtsolution.com\/about-crts\/#breadcrumb"},"inLanguage":"fr-FR","potentialAction":[{"@type":"ReadAction","target":["https:\/\/crtsolution.com\/about-crts\/"]}]},{"@type":"ImageObject","inLanguage":"fr-FR","@id":"https:\/\/crtsolution.com\/about-crts\/#primaryimage","url":"https:\/\/crtsolution.com\/wp-content\/uploads\/2024\/11\/About-CRTS.jpg","contentUrl":"https:\/\/crtsolution.com\/wp-content\/uploads\/2024\/11\/About-CRTS.jpg"},{"@type":"BreadcrumbList","@id":"https:\/\/crtsolution.com\/about-crts\/#breadcrumb","itemListElement":[{"@type":"ListItem","position":1,"name":"Home","item":"https:\/\/crtsolution.com\/"},{"@type":"ListItem","position":2,"name":"About CRTSolution"}]},{"@type":"WebSite","@id":"https:\/\/crtsolution.com\/#website","url":"https:\/\/crtsolution.com\/","name":"site.crtsolution","description":"","potentialAction":[{"@type":"SearchAction","target":{"@type":"EntryPoint","urlTemplate":"https:\/\/crtsolution.com\/?s={search_term_string}"},"query-input":{"@type":"PropertyValueSpecification","valueRequired":true,"valueName":"search_term_string"}}],"inLanguage":"fr-FR"}]}},"_links":{"self":[{"href":"https:\/\/crtsolution.com\/fr\/wp-json\/wp\/v2\/pages\/21","targetHints":{"allow":["GET"]}}],"collection":[{"href":"https:\/\/crtsolution.com\/fr\/wp-json\/wp\/v2\/pages"}],"about":[{"href":"https:\/\/crtsolution.com\/fr\/wp-json\/wp\/v2\/types\/page"}],"author":[{"embeddable":true,"href":"https:\/\/crtsolution.com\/fr\/wp-json\/wp\/v2\/users\/1"}],"replies":[{"embeddable":true,"href":"https:\/\/crtsolution.com\/fr\/wp-json\/wp\/v2\/comments?post=21"}],"version-history":[{"count":42,"href":"https:\/\/crtsolution.com\/fr\/wp-json\/wp\/v2\/pages\/21\/revisions"}],"predecessor-version":[{"id":13133,"href":"https:\/\/crtsolution.com\/fr\/wp-json\/wp\/v2\/pages\/21\/revisions\/13133"}],"wp:attachment":[{"href":"https:\/\/crtsolution.com\/fr\/wp-json\/wp\/v2\/media?parent=21"}],"curies":[{"name":"wp","href":"https:\/\/api.w.org\/{rel}","templated":true}]}}