{"id":12627,"date":"2024-07-16T03:25:56","date_gmt":"2024-07-16T03:25:56","guid":{"rendered":"https:\/\/crtsolution.com\/?page_id=12627"},"modified":"2025-06-18T11:24:46","modified_gmt":"2025-06-18T11:24:46","slug":"clinical-research-training-reviews","status":"publish","type":"page","link":"https:\/\/crtsolution.com\/fr\/clinical-research-training-reviews\/","title":{"rendered":"Avis - CRTSolution"},"content":{"rendered":"<div data-elementor-type=\"wp-page\" data-elementor-id=\"12627\" class=\"elementor elementor-12627\">\n\t\t\t\t<div class=\"elementor-element elementor-element-e2dfb4c e-con-full e-flex e-con e-parent\" data-id=\"e2dfb4c\" data-element_type=\"container\">\n\t\t\t\t<div class=\"elementor-element elementor-element-ebdfb6d elementor-widget elementor-widget-ct_text_editor\" data-id=\"ebdfb6d\" data-element_type=\"widget\" data-widget_type=\"ct_text_editor.default\">\n\t\t\t\t<div class=\"elementor-widget-container\">\n\t\t\t<div id=\"ct_text_editor-ebdfb6d\" class=\"ct-text-editor\" data-wow-delay=\"ms\">\n\t<div class=\"ct-inline-css\"  data-css=\"        \t\t\">\n\n    <\/div>\n\t<div class=\"ct-text-editor elementor-clearfix\">\n\t\t<p><h3 style=\"text-align:center;margin-top:-20px\">Services de formation et de soutien en recherche clinique<\/h3>\n<br \/>\n\nEn ao\u00fbt 2020, notre nouvelle infirmi\u00e8re de recherche a re\u00e7u une formation de la part de CRTSolution. Mme Delva (la co-fondatrice) est une consultante organis\u00e9e, dynamique et tr\u00e8s comp\u00e9tente. En moins de deux semaines, elle a form\u00e9 notre nouvelle infirmi\u00e8re, novice dans le domaine de la recherche clinique, pour qu\u2019elle puisse rapidement pratiquer en milieu de travail. CRTSolution a pu outiller notre nouvelle infirmi\u00e8re non seulement en connaissances th\u00e9oriques, mais aussi en comp\u00e9tences pratiques afin d\u2019obtenir la meilleure performance possible. M\u00eame apr\u00e8s la formation, l\u2019\u00e9quipe CRTSolution a fourni un soutien continu \u00e0 notre infirmi\u00e8re. L\u2019\u00e9quipe a su cr\u00e9er une formation sur mesure, en respectant le niveau de comp\u00e9tences et de connaissances de l\u2019infirmi\u00e8re. Ceci a permis d\u2019accro\u00eetre sa confiance et ses comp\u00e9tences. Notre service de recherche est tr\u00e8s reconnaissant de l'aide fournie par CRTSolution.<\/p><p><strong>\u2013 Dr Peter Vavassis, chef de recherche en radio-oncologie, CIUSSS CEMTL (HMR)<\/strong><\/p><p>Un merci sp\u00e9cial \u00e0 CRTSolution pour leur excellente formation BPC donn\u00e9e au personnel professionnel d'Abich.<\/p><p><strong>\u2013 Hiba Al Hakim, superviseur de recherche clinique, Abich inc. Montr\u00e9al, Qu\u00e9bec, Canada<\/strong><\/p><p>Ce fut un r\u00e9el plaisir de suivre cette formation. Le contenu \u00e9tait vari\u00e9, adapt\u00e9 \u00e0 ma r\u00e9alit\u00e9 et concordait en tous points \u00e0 mon r\u00f4le actuel. L'exp\u00e9rience, l'approche p\u00e9dagogique et la disponibilit\u00e9 de Mme Delva m'ont permis de faire des liens entre la th\u00e9orie et la pratique. L\u2019approche utilis\u00e9e par l'\u00e9quipe de formation n'\u00e9tait pas un facteur limitant au transfert des connaissances. La plateforme de formation et les outils ont \u00e9t\u00e9 particuli\u00e8rement appr\u00e9ci\u00e9s et simples d'utilisation. Je tiens \u00e0 remercier la formatrice et son \u00e9quipe d\u2019avoir d\u00e9velopp\u00e9 une formation bien au-del\u00e0 de mes attentes. J'ai h\u00e2te de planifier \u00ab l\u2019\u00e9pisode num\u00e9ro 2 \u00bb de cette s\u00e9rie avec des membres de mon \u00e9quipe d'infirmi\u00e8res. Merci, Mme Delva, et au plaisir de vous revoir \u00e0 la prochaine session de formation!<\/p><p><strong>\u2013 Wisi Ossavu, M. Sc., Chef de service du d\u00e9veloppement de l'infrastructure de recherche en pr\u00e9vention et promotion de la sant\u00e9 | Int\u00e9rim - CIUSSS MCQ<\/strong><\/p><p>La formation en BPC \u00e9tait simple et facile \u00e0 comprendre. Le cours \u00e9tait informatif et interactif. La formatrice \u00e9tait tr\u00e8s sympathique et a adapt\u00e9 le contenu \u00e0 la situation de notre entreprise. L'\u00e9quipe de CRTSolution a \u00e9t\u00e9 sans h\u00e9sitation capable de r\u00e9pondre \u00e0 toutes nos attentes et questions.<\/p><p><strong>\u2013 R\u00e9sum\u00e9 des t\u00e9moignages de Spino Modulation Inc. concernant le cours de BPC<\/strong><\/p><p>Comme je n'avais jamais fait de recherche avant de recevoir cette formation, cela m'a aid\u00e9e \u00e0 me retrouver dans la terminologie utilis\u00e9e quotidiennement dans ce domaine. La formation m'a aussi permis de me situer dans les \u00e9tapes d'un projet, du d\u00e9marrage \u00e0 la fermeture. La formation est compl\u00e8te pour quelqu'un qui n'a pas de connaissance de base. Le formateur donne beaucoup d'information compl\u00e9mentaire tout au long du cours. Les diff\u00e9rentes formules utilis\u00e9es (lecture par soi-m\u00eame, quiz, explication du formateur, etc.) permettent \u00e0 l\u2019\u00e9tudiant d'assimiler l'information. L'enseignement \u00e9tait tr\u00e8s adapt\u00e9 \u00e0 mes besoins et j'ai trouv\u00e9 l'exp\u00e9rience tr\u00e8s agr\u00e9able.<\/p><p><strong>\u2013 Alice Lefebvre, Coordonnatrice de recherche clinique au Centre int\u00e9gr\u00e9 universitaire de sant\u00e9 et de services sociaux de la Mauricie-et-du-Centre-du-Qu\u00e9bec (CIUSSS MCQ)<\/strong><\/p><p><a href=\"\/fr\/contact-us\/\"><strong>Contactez CRTSolution d\u00e8s aujourd'hui !<\/strong><\/a><\/p>\t\t\n\t<\/div>\n<\/div>\t\t<\/div>\n\t\t\t\t<\/div>\n\t\t\t\t<\/div>\n\t\t\t\t<\/div>","protected":false},"excerpt":{"rendered":"<p>In August of 2020, we had our new research nurse trained by CRTSolution. Ms. Delva (the co-founder) is an organized, dynamic and very competent consultant. She was able to train our new nurse who had no clinical research experience, in less than 2 weeks, to allow her to start her hands-on experience faster. CRTSolution was [&hellip;]<\/p>\n","protected":false},"author":1,"featured_media":0,"parent":0,"menu_order":0,"comment_status":"closed","ping_status":"closed","template":"","meta":{"_coblocks_attr":"","_coblocks_dimensions":"","_coblocks_responsive_height":"","_coblocks_accordion_ie_support":"","footnotes":""},"class_list":["post-12627","page","type-page","status-publish","hentry"],"yoast_head":"<!-- This site is optimized with the Yoast SEO plugin v27.4 - https:\/\/yoast.com\/product\/yoast-seo-wordpress\/ -->\n<title>Reviews-CRTSolution - site.crtsolution<\/title>\n<meta name=\"robots\" content=\"index, follow, max-snippet:-1, max-image-preview:large, max-video-preview:-1\" \/>\n<link rel=\"canonical\" href=\"https:\/\/crtsolution.com\/fr\/clinical-research-training-reviews\/\" \/>\n<meta property=\"og:locale\" content=\"fr_FR\" \/>\n<meta property=\"og:type\" content=\"article\" \/>\n<meta property=\"og:title\" content=\"Reviews-CRTSolution - site.crtsolution\" \/>\n<meta property=\"og:description\" content=\"In August of 2020, we had our new research nurse trained by CRTSolution. Ms. Delva (the co-founder) is an organized, dynamic and very competent consultant. She was able to train our new nurse who had no clinical research experience, in less than 2 weeks, to allow her to start her hands-on experience faster. CRTSolution was [&hellip;]\" \/>\n<meta property=\"og:url\" content=\"https:\/\/crtsolution.com\/fr\/clinical-research-training-reviews\/\" \/>\n<meta property=\"og:site_name\" content=\"site.crtsolution\" \/>\n<meta property=\"article:modified_time\" content=\"2025-06-18T11:24:46+00:00\" \/>\n<meta name=\"twitter:card\" content=\"summary_large_image\" \/>\n<meta name=\"twitter:label1\" content=\"Dur\u00e9e de lecture estim\u00e9e\" \/>\n\t<meta name=\"twitter:data1\" content=\"3 minutes\" \/>\n<script type=\"application\/ld+json\" class=\"yoast-schema-graph\">{\"@context\":\"https:\\\/\\\/schema.org\",\"@graph\":[{\"@type\":\"WebPage\",\"@id\":\"https:\\\/\\\/crtsolution.com\\\/clinical-research-training-reviews\\\/\",\"url\":\"https:\\\/\\\/crtsolution.com\\\/clinical-research-training-reviews\\\/\",\"name\":\"Reviews-CRTSolution - site.crtsolution\",\"isPartOf\":{\"@id\":\"https:\\\/\\\/crtsolution.com\\\/#website\"},\"datePublished\":\"2024-07-16T03:25:56+00:00\",\"dateModified\":\"2025-06-18T11:24:46+00:00\",\"breadcrumb\":{\"@id\":\"https:\\\/\\\/crtsolution.com\\\/clinical-research-training-reviews\\\/#breadcrumb\"},\"inLanguage\":\"fr-FR\",\"potentialAction\":[{\"@type\":\"ReadAction\",\"target\":[\"https:\\\/\\\/crtsolution.com\\\/clinical-research-training-reviews\\\/\"]}]},{\"@type\":\"BreadcrumbList\",\"@id\":\"https:\\\/\\\/crtsolution.com\\\/clinical-research-training-reviews\\\/#breadcrumb\",\"itemListElement\":[{\"@type\":\"ListItem\",\"position\":1,\"name\":\"Home\",\"item\":\"https:\\\/\\\/crtsolution.com\\\/\"},{\"@type\":\"ListItem\",\"position\":2,\"name\":\"Reviews-CRTSolution\"}]},{\"@type\":\"WebSite\",\"@id\":\"https:\\\/\\\/crtsolution.com\\\/#website\",\"url\":\"https:\\\/\\\/crtsolution.com\\\/\",\"name\":\"site.crtsolution\",\"description\":\"\",\"potentialAction\":[{\"@type\":\"SearchAction\",\"target\":{\"@type\":\"EntryPoint\",\"urlTemplate\":\"https:\\\/\\\/crtsolution.com\\\/?s={search_term_string}\"},\"query-input\":{\"@type\":\"PropertyValueSpecification\",\"valueRequired\":true,\"valueName\":\"search_term_string\"}}],\"inLanguage\":\"fr-FR\"}]}<\/script>\n<!-- \/ Yoast SEO plugin. -->","yoast_head_json":{"title":"Reviews-CRTSolution - site.crtsolution","robots":{"index":"index","follow":"follow","max-snippet":"max-snippet:-1","max-image-preview":"max-image-preview:large","max-video-preview":"max-video-preview:-1"},"canonical":"https:\/\/crtsolution.com\/fr\/clinical-research-training-reviews\/","og_locale":"fr_FR","og_type":"article","og_title":"Reviews-CRTSolution - site.crtsolution","og_description":"In August of 2020, we had our new research nurse trained by CRTSolution. Ms. Delva (the co-founder) is an organized, dynamic and very competent consultant. She was able to train our new nurse who had no clinical research experience, in less than 2 weeks, to allow her to start her hands-on experience faster. CRTSolution was [&hellip;]","og_url":"https:\/\/crtsolution.com\/fr\/clinical-research-training-reviews\/","og_site_name":"site.crtsolution","article_modified_time":"2025-06-18T11:24:46+00:00","twitter_card":"summary_large_image","twitter_misc":{"Dur\u00e9e de lecture estim\u00e9e":"3 minutes"},"schema":{"@context":"https:\/\/schema.org","@graph":[{"@type":"WebPage","@id":"https:\/\/crtsolution.com\/clinical-research-training-reviews\/","url":"https:\/\/crtsolution.com\/clinical-research-training-reviews\/","name":"Reviews-CRTSolution - site.crtsolution","isPartOf":{"@id":"https:\/\/crtsolution.com\/#website"},"datePublished":"2024-07-16T03:25:56+00:00","dateModified":"2025-06-18T11:24:46+00:00","breadcrumb":{"@id":"https:\/\/crtsolution.com\/clinical-research-training-reviews\/#breadcrumb"},"inLanguage":"fr-FR","potentialAction":[{"@type":"ReadAction","target":["https:\/\/crtsolution.com\/clinical-research-training-reviews\/"]}]},{"@type":"BreadcrumbList","@id":"https:\/\/crtsolution.com\/clinical-research-training-reviews\/#breadcrumb","itemListElement":[{"@type":"ListItem","position":1,"name":"Home","item":"https:\/\/crtsolution.com\/"},{"@type":"ListItem","position":2,"name":"Reviews-CRTSolution"}]},{"@type":"WebSite","@id":"https:\/\/crtsolution.com\/#website","url":"https:\/\/crtsolution.com\/","name":"site.crtsolution","description":"","potentialAction":[{"@type":"SearchAction","target":{"@type":"EntryPoint","urlTemplate":"https:\/\/crtsolution.com\/?s={search_term_string}"},"query-input":{"@type":"PropertyValueSpecification","valueRequired":true,"valueName":"search_term_string"}}],"inLanguage":"fr-FR"}]}},"_links":{"self":[{"href":"https:\/\/crtsolution.com\/fr\/wp-json\/wp\/v2\/pages\/12627","targetHints":{"allow":["GET"]}}],"collection":[{"href":"https:\/\/crtsolution.com\/fr\/wp-json\/wp\/v2\/pages"}],"about":[{"href":"https:\/\/crtsolution.com\/fr\/wp-json\/wp\/v2\/types\/page"}],"author":[{"embeddable":true,"href":"https:\/\/crtsolution.com\/fr\/wp-json\/wp\/v2\/users\/1"}],"replies":[{"embeddable":true,"href":"https:\/\/crtsolution.com\/fr\/wp-json\/wp\/v2\/comments?post=12627"}],"version-history":[{"count":12,"href":"https:\/\/crtsolution.com\/fr\/wp-json\/wp\/v2\/pages\/12627\/revisions"}],"predecessor-version":[{"id":12940,"href":"https:\/\/crtsolution.com\/fr\/wp-json\/wp\/v2\/pages\/12627\/revisions\/12940"}],"wp:attachment":[{"href":"https:\/\/crtsolution.com\/fr\/wp-json\/wp\/v2\/media?parent=12627"}],"curies":[{"name":"wp","href":"https:\/\/api.w.org\/{rel}","templated":true}]}}