{"id":1110,"date":"2021-08-15T17:28:09","date_gmt":"2021-08-15T17:28:09","guid":{"rendered":"https:\/\/demo.bravisthemes.com\/medibo\/?page_id=1110"},"modified":"2025-10-14T19:23:42","modified_gmt":"2025-10-14T19:23:42","slug":"consultants-and-trainers","status":"publish","type":"page","link":"https:\/\/crtsolution.com\/fr\/consultants-and-trainers\/","title":{"rendered":"Consultants et Formateurs"},"content":{"rendered":"<div data-elementor-type=\"wp-page\" data-elementor-id=\"1110\" class=\"elementor elementor-1110\">\n\t\t\t\t        <section class=\"elementor-section elementor-top-section elementor-element elementor-element-ecbdeff elementor-section-stretched elementor-section-content-middle bg-primary elementor-section-boxed elementor-section-height-default elementor-section-height-default ct-header-fixed-none ct-column-none ct-row-scroll-none\" data-id=\"ecbdeff\" data-element_type=\"section\" data-settings=\"{&quot;stretch_section&quot;:&quot;section-stretched&quot;,&quot;background_background&quot;:&quot;classic&quot;}\">\n                            <div class=\"elementor-background-overlay\"><\/div>\n                \n                        <div class=\"elementor-container elementor-column-gap-extended\">\n                    <div class=\"elementor-column elementor-col-100 elementor-top-column elementor-element elementor-element-635c59b ct-column-none\" data-id=\"635c59b\" data-element_type=\"column\">\n        <div class=\"elementor-widget-wrap elementor-element-populated\">\n                    \n        \t\t<div class=\"elementor-element elementor-element-f6ff4fb elementor-widget__width-auto elementor-widget elementor-widget-ct_heading\" data-id=\"f6ff4fb\" data-element_type=\"widget\" data-widget_type=\"ct_heading.default\">\n\t\t\t\t<div class=\"elementor-widget-container\">\n\t\t\t<div class=\"ct-heading h-align- item-st-default\">\r\n    <div class=\"ct-heading--inner\">\r\n    \t    \t\t<div class=\"item--sub-title\">\r\n                <span>\r\n                    \u00c0 propos de                <\/span>\r\n            <\/div>\r\n    \t        <p class=\"item--title case-animate-time st-default\" data-wow-delay=\"ms\">\r\n            <span>Consultants et formateurs<\/span>        <\/p>\r\n    <\/div>\r\n<\/div>\r\n\r\n\t\t<\/div>\n\t\t\t\t<\/div>\n\t\t            <\/div>\n        <\/div>\n                    <\/div>\n        <\/section>\n        <div class=\"elementor-element elementor-element-fc93887 e-flex e-con-boxed e-con e-parent\" data-id=\"fc93887\" data-element_type=\"container\">\n\t\t\t\t\t<div class=\"e-con-inner\">\n\t\t\t\t<div class=\"elementor-element elementor-element-68d2578 elementor-widget elementor-widget-spacer\" data-id=\"68d2578\" data-element_type=\"widget\" data-widget_type=\"spacer.default\">\n\t\t\t\t<div class=\"elementor-widget-container\">\n\t\t\t<style>\/*! elementor - v3.22.0 - 24-06-2024 *\/\n.elementor-column .elementor-spacer-inner{height:var(--spacer-size)}.e-con{--container-widget-width:100%}.e-con-inner>.elementor-widget-spacer,.e-con>.elementor-widget-spacer{width:var(--container-widget-width,var(--spacer-size));--align-self:var(--container-widget-align-self,initial);--flex-shrink:0}.e-con-inner>.elementor-widget-spacer>.elementor-widget-container,.e-con>.elementor-widget-spacer>.elementor-widget-container{height:100%;width:100%}.e-con-inner>.elementor-widget-spacer>.elementor-widget-container>.elementor-spacer,.e-con>.elementor-widget-spacer>.elementor-widget-container>.elementor-spacer{height:100%}.e-con-inner>.elementor-widget-spacer>.elementor-widget-container>.elementor-spacer>.elementor-spacer-inner,.e-con>.elementor-widget-spacer>.elementor-widget-container>.elementor-spacer>.elementor-spacer-inner{height:var(--container-widget-height,var(--spacer-size))}.e-con-inner>.elementor-widget-spacer.elementor-widget-empty,.e-con>.elementor-widget-spacer.elementor-widget-empty{position:relative;min-height:22px;min-width:22px}.e-con-inner>.elementor-widget-spacer.elementor-widget-empty .elementor-widget-empty-icon,.e-con>.elementor-widget-spacer.elementor-widget-empty .elementor-widget-empty-icon{position:absolute;top:0;bottom:0;left:0;right:0;margin:auto;padding:0;width:22px;height:22px}<\/style>\t\t<div class=\"elementor-spacer\">\n\t\t\t<div class=\"elementor-spacer-inner\"><\/div>\n\t\t<\/div>\n\t\t\t\t<\/div>\n\t\t\t\t<\/div>\n\t\t\t\t\t<\/div>\n\t\t\t\t<\/div>\n\t\t        <section class=\"elementor-section elementor-top-section elementor-element elementor-element-cfa0229 elementor-section-content-middle elementor-section-stretched elementor-section-boxed elementor-section-height-default elementor-section-height-default ct-header-fixed-none ct-column-none ct-row-scroll-none\" data-id=\"cfa0229\" data-element_type=\"section\" data-settings=\"{&quot;stretch_section&quot;:&quot;section-stretched&quot;}\">\n            \n                        <div class=\"elementor-container elementor-column-gap-extended\">\n                    <div class=\"elementor-column elementor-col-50 elementor-top-column elementor-element elementor-element-4dbb5c6 ct-column-none\" data-id=\"4dbb5c6\" data-element_type=\"column\" data-settings=\"{&quot;background_background&quot;:&quot;classic&quot;}\">\n        <div class=\"elementor-widget-wrap\">\n                    <div class=\"elementor-background-overlay\"><\/div>\n                    \n                    <\/div>\n        <\/div>\n                <div class=\"elementor-column elementor-col-50 elementor-top-column elementor-element elementor-element-09f3c51 ct-column-none\" data-id=\"09f3c51\" data-element_type=\"column\" data-settings=\"{&quot;background_background&quot;:&quot;classic&quot;}\">\n        <div class=\"elementor-widget-wrap elementor-element-populated\">\n                    \n                <section class=\"elementor-section elementor-inner-section elementor-element elementor-element-10a710a elementor-section-content-middle elementor-section-boxed elementor-section-height-default elementor-section-height-default ct-header-fixed-none ct-column-none ct-row-scroll-none\" data-id=\"10a710a\" data-element_type=\"section\">\n            \n                        <div class=\"elementor-container elementor-column-gap-extended\">\n                    <div class=\"elementor-column elementor-col-100 elementor-inner-column elementor-element elementor-element-12ff2e1 ct-column-none\" data-id=\"12ff2e1\" data-element_type=\"column\">\n        <div class=\"elementor-widget-wrap elementor-element-populated\">\n                    \n        \t\t<div class=\"elementor-element elementor-element-cb66649 elementor-widget elementor-widget-ct_heading\" data-id=\"cb66649\" data-element_type=\"widget\" data-widget_type=\"ct_heading.default\">\n\t\t\t\t<div class=\"elementor-widget-container\">\n\t\t\t<div class=\"ct-heading h-align- item-st-default\">\r\n    <div class=\"ct-heading--inner\">\r\n    \t    \t\t<div class=\"item--sub-title\">\r\n                <span>\r\n                    Linda Forcione, B.Sc., Cert.Ed., Directrice de la formation                <\/span>\r\n            <\/div>\r\n    \t        <h3 class=\"item--title case-animate-time st-default\" data-wow-delay=\"ms\">\r\n            <span><\/span>        <\/h3>\r\n    <\/div>\r\n<\/div>\r\n\r\n\t\t<\/div>\n\t\t\t\t<\/div>\n\t\t            <\/div>\n        <\/div>\n                    <\/div>\n        <\/section>\n        \t\t<div class=\"elementor-element elementor-element-b33ab37 elementor-widget elementor-widget-ct_text_editor\" data-id=\"b33ab37\" data-element_type=\"widget\" data-widget_type=\"ct_text_editor.default\">\n\t\t\t\t<div class=\"elementor-widget-container\">\n\t\t\t<div id=\"ct_text_editor-b33ab37\" class=\"ct-text-editor\" data-wow-delay=\"ms\">\n\t<div class=\"ct-inline-css\"  data-css=\"        \t\t\">\n\n    <\/div>\n\t<div class=\"ct-text-editor elementor-clearfix\">\n\t\t<p>Linda Forcione est une professionnelle bilingue en recherche clinique (anglais et fran\u00e7ais) poss\u00e9dant une vaste exp\u00e9rience mondiale de travail dans les secteurs pharmaceutique, biotechnologique et des organismes de recherche sous contrat (CRO).\u00a0<\/p><p>Elle poss\u00e8de une exp\u00e9rience internationale compl\u00e8te des GXP (BPX) dans le d\u00e9veloppement et la prestation de formations, l'assurance et le contr\u00f4le de la qualit\u00e9, les modes op\u00e9ratoires normalis\u00e9s, la gestion des \u00e9tudes et les syst\u00e8mes CAPA (actions correctives et actions pr\u00e9ventives).<\/p><p>Avant de joindre CRTSolution, Linda a occup\u00e9 des postes de recherche clinique dans toutes les phases d\u2019\u00e9tudes, en tant que directrice du contr\u00f4le de la qualit\u00e9, responsable globale de la qualit\u00e9, directrice associ\u00e9e \u00e0 l'assurance qualit\u00e9, cheffe d'\u00e9quipe clinique, cheffe d\u2019\u00e9tudes cliniques et de projets, associ\u00e9e de recherche clinique, formatrice, validatrice de logiciels et analyste en laboratoire. Elle a obtenu son baccalaur\u00e9at en biochimie de l\u2019Universit\u00e9 Concordia \u00e0 Montr\u00e9al et un certificat en \u00e9ducation de l\u2019Universit\u00e9 McGill de Montr\u00e9al (sp\u00e9cialisation sur les apprenants adultes en milieu corporatif).<\/p><p>Linda est d\u00e9crite comme une pr\u00e9sentatrice dynamique et une formatrice accomplie par ceux qui ont assist\u00e9 aux nombreux cours qu'elle a anim\u00e9s.<\/p>\t\t\n\t<\/div>\n<\/div>\t\t<\/div>\n\t\t\t\t<\/div>\n\t\t            <\/div>\n        <\/div>\n                    <\/div>\n        <\/section>\n                <section class=\"elementor-section elementor-top-section elementor-element elementor-element-3ced398 elementor-section-content-middle elementor-section-stretched ct-row-scroll-fixed elementor-section-boxed elementor-section-height-default elementor-section-height-default ct-header-fixed-none ct-column-none\" data-id=\"3ced398\" data-element_type=\"section\" data-settings=\"{&quot;stretch_section&quot;:&quot;section-stretched&quot;}\">\n            \n                        <div class=\"elementor-container elementor-column-gap-extended\">\n                    <div class=\"elementor-column elementor-col-66 elementor-top-column elementor-element elementor-element-04e3af1 ct-column-none\" data-id=\"04e3af1\" data-element_type=\"column\" data-settings=\"{&quot;background_background&quot;:&quot;classic&quot;}\">\n        <div class=\"elementor-widget-wrap elementor-element-populated\">\n                    \n        \t\t<div class=\"elementor-element elementor-element-4006b71 elementor-widget elementor-widget-ct_text_editor\" data-id=\"4006b71\" data-element_type=\"widget\" data-widget_type=\"ct_text_editor.default\">\n\t\t\t\t<div class=\"elementor-widget-container\">\n\t\t\t<div id=\"ct_text_editor-4006b71\" class=\"ct-text-editor\" data-wow-delay=\"ms\">\n\t<div class=\"ct-inline-css\"  data-css=\"        \t\t\">\n\n    <\/div>\n\t<div class=\"ct-text-editor elementor-clearfix\">\n\t\t<p>Une \u00e9quipe de consultants et de formateurs chevronn\u00e9s pr\u00eats \u00e0 r\u00e9pondre \u00e0 vos besoins.<\/p>\t\t\n\t<\/div>\n<\/div>\t\t<\/div>\n\t\t\t\t<\/div>\n\t\t            <\/div>\n        <\/div>\n                <div class=\"elementor-column elementor-col-33 elementor-top-column elementor-element elementor-element-e70ebc5 ct-column-none\" data-id=\"e70ebc5\" data-element_type=\"column\" data-settings=\"{&quot;background_background&quot;:&quot;classic&quot;}\">\n        <div class=\"elementor-widget-wrap elementor-element-populated\">\n                    <div class=\"elementor-background-overlay\"><\/div>\n                    \n        \t\t<div class=\"elementor-element elementor-element-6b48ff6 elementor-widget elementor-widget-spacer\" data-id=\"6b48ff6\" data-element_type=\"widget\" data-widget_type=\"spacer.default\">\n\t\t\t\t<div class=\"elementor-widget-container\">\n\t\t\t\t\t<div class=\"elementor-spacer\">\n\t\t\t<div class=\"elementor-spacer-inner\"><\/div>\n\t\t<\/div>\n\t\t\t\t<\/div>\n\t\t\t\t<\/div>\n\t\t            <\/div>\n        <\/div>\n                    <\/div>\n        <\/section>\n                <section class=\"elementor-section elementor-top-section elementor-element elementor-element-d923f03 elementor-section-stretched bg-primary2 elementor-section-content-middle elementor-section-boxed elementor-section-height-default elementor-section-height-default ct-header-fixed-none ct-column-none ct-row-scroll-none\" data-id=\"d923f03\" data-element_type=\"section\" data-settings=\"{&quot;stretch_section&quot;:&quot;section-stretched&quot;}\">\n                            <div class=\"elementor-background-overlay\"><\/div>\n                \n                        <div class=\"elementor-container elementor-column-gap-extended\">\n                    <div class=\"elementor-column elementor-col-66 elementor-top-column elementor-element elementor-element-d314854 ct-column-none\" data-id=\"d314854\" data-element_type=\"column\">\n        <div class=\"elementor-widget-wrap elementor-element-populated\">\n                    \n        \t\t<div class=\"elementor-element elementor-element-5d1d84a elementor-widget elementor-widget-ct_heading\" data-id=\"5d1d84a\" data-element_type=\"widget\" data-widget_type=\"ct_heading.default\">\n\t\t\t\t<div class=\"elementor-widget-container\">\n\t\t\t<div class=\"ct-heading h-align- item-st-default\">\r\n    <div class=\"ct-heading--inner\">\r\n    \t        <h3 class=\"item--title case-animate-time st-default\" data-wow-delay=\"ms\">\r\n            <span>Pour les services de formation et d'assistance en recherche clinique<\/span>        <\/h3>\r\n    <\/div>\r\n<\/div>\r\n\r\n\t\t<\/div>\n\t\t\t\t<\/div>\n\t\t\t\t<div class=\"elementor-element elementor-element-9dcba42 elementor-widget elementor-widget-ct_text_editor\" data-id=\"9dcba42\" data-element_type=\"widget\" data-widget_type=\"ct_text_editor.default\">\n\t\t\t\t<div class=\"elementor-widget-container\">\n\t\t\t<div id=\"ct_text_editor-9dcba42\" class=\"ct-text-editor\" data-wow-delay=\"ms\">\n\t<div class=\"ct-inline-css\"  data-css=\"        \t\t\">\n\n    <\/div>\n\t<div class=\"ct-text-editor elementor-clearfix\">\n\t\t<p>Contactez-nous d\u00e8s aujourd'hui<\/p>\t\t\n\t<\/div>\n<\/div>\t\t<\/div>\n\t\t\t\t<\/div>\n\t\t            <\/div>\n        <\/div>\n                <div class=\"elementor-column elementor-col-33 elementor-top-column elementor-element elementor-element-40a6930 ct-column-none\" data-id=\"40a6930\" data-element_type=\"column\">\n        <div class=\"elementor-widget-wrap elementor-element-populated\">\n                    \n        \t\t<div class=\"elementor-element elementor-element-9bcfda8 elementor-align-right elementor-align-left elementor-widget elementor-widget-ct_button\" data-id=\"9bcfda8\" data-element_type=\"widget\" data-widget_type=\"ct_button.default\">\n\t\t\t\t<div class=\"elementor-widget-container\">\n\t\t\t<div id=\"ct_button-9bcfda8\" class=\"ct-button-wrapper ct-button-layout1\">\r\n            <span class=\"ct-icon-active\"><\/span>\r\n        <a href=\"https:\/\/crtsolution.com\/fr\/contact-us\/\" target=\"_blank\" class=\"btn btn-default btn-animate  icon-ps-left\" data-wow-delay=\"ms\">\r\n                            <span class=\"ct-button-icon ct-align-icon-left\">\r\n                            <\/span>\r\n                <span class=\"ct-button-text\">Contactez CRTSolution<\/span>\r\n    <\/a>\r\n<\/div>\t\t<\/div>\n\t\t\t\t<\/div>\n\t\t            <\/div>\n        <\/div>\n                    <\/div>\n        <\/section>\n        \t\t<\/div>","protected":false},"excerpt":{"rendered":"<p>About Consultants and trainers Linda Forcione, B.Sc., Cert.Ed., Training Director Linda Forcione is a bilingual (English and French) Clinical Research Professional with extensive global experience working in the Pharmaceutical, Biotech and Contract Research Organization (CRO) sectors.\u00a0 She has full-scope GXP international experience in Training Development and Delivery, Quality Assurance and Control, Standard Operating Procedures, Study [&hellip;]<\/p>\n","protected":false},"author":1,"featured_media":0,"parent":0,"menu_order":0,"comment_status":"closed","ping_status":"closed","template":"","meta":{"_coblocks_attr":"","_coblocks_dimensions":"","_coblocks_responsive_height":"","_coblocks_accordion_ie_support":"","footnotes":""},"class_list":["post-1110","page","type-page","status-publish","hentry"],"yoast_head":"<!-- This site is optimized with the Yoast SEO plugin v27.4 - https:\/\/yoast.com\/product\/yoast-seo-wordpress\/ -->\n<title>Consultants and Trainers - site.crtsolution<\/title>\n<meta name=\"robots\" content=\"index, follow, max-snippet:-1, max-image-preview:large, max-video-preview:-1\" \/>\n<link rel=\"canonical\" href=\"https:\/\/crtsolution.com\/fr\/consultants-and-trainers\/\" \/>\n<meta property=\"og:locale\" content=\"fr_FR\" \/>\n<meta property=\"og:type\" content=\"article\" \/>\n<meta property=\"og:title\" content=\"Consultants and Trainers - site.crtsolution\" \/>\n<meta property=\"og:description\" content=\"About Consultants and trainers Linda Forcione, B.Sc., Cert.Ed., Training Director Linda Forcione is a bilingual (English and French) Clinical Research Professional with extensive global experience working in the Pharmaceutical, Biotech and Contract Research Organization (CRO) sectors.\u00a0 She has full-scope GXP international experience in Training Development and Delivery, Quality Assurance and Control, Standard Operating Procedures, Study [&hellip;]\" \/>\n<meta property=\"og:url\" content=\"https:\/\/crtsolution.com\/fr\/consultants-and-trainers\/\" \/>\n<meta property=\"og:site_name\" content=\"site.crtsolution\" \/>\n<meta property=\"article:modified_time\" content=\"2025-10-14T19:23:42+00:00\" \/>\n<meta name=\"twitter:card\" content=\"summary_large_image\" \/>\n<meta name=\"twitter:label1\" content=\"Dur\u00e9e de lecture estim\u00e9e\" \/>\n\t<meta name=\"twitter:data1\" content=\"1 minute\" \/>\n<script type=\"application\/ld+json\" class=\"yoast-schema-graph\">{\"@context\":\"https:\\\/\\\/schema.org\",\"@graph\":[{\"@type\":\"WebPage\",\"@id\":\"https:\\\/\\\/crtsolution.com\\\/consultants-and-trainers\\\/\",\"url\":\"https:\\\/\\\/crtsolution.com\\\/consultants-and-trainers\\\/\",\"name\":\"Consultants and Trainers - site.crtsolution\",\"isPartOf\":{\"@id\":\"https:\\\/\\\/crtsolution.com\\\/#website\"},\"datePublished\":\"2021-08-15T17:28:09+00:00\",\"dateModified\":\"2025-10-14T19:23:42+00:00\",\"breadcrumb\":{\"@id\":\"https:\\\/\\\/crtsolution.com\\\/consultants-and-trainers\\\/#breadcrumb\"},\"inLanguage\":\"fr-FR\",\"potentialAction\":[{\"@type\":\"ReadAction\",\"target\":[\"https:\\\/\\\/crtsolution.com\\\/consultants-and-trainers\\\/\"]}]},{\"@type\":\"BreadcrumbList\",\"@id\":\"https:\\\/\\\/crtsolution.com\\\/consultants-and-trainers\\\/#breadcrumb\",\"itemListElement\":[{\"@type\":\"ListItem\",\"position\":1,\"name\":\"Home\",\"item\":\"https:\\\/\\\/crtsolution.com\\\/\"},{\"@type\":\"ListItem\",\"position\":2,\"name\":\"Consultants and Trainers\"}]},{\"@type\":\"WebSite\",\"@id\":\"https:\\\/\\\/crtsolution.com\\\/#website\",\"url\":\"https:\\\/\\\/crtsolution.com\\\/\",\"name\":\"site.crtsolution\",\"description\":\"\",\"potentialAction\":[{\"@type\":\"SearchAction\",\"target\":{\"@type\":\"EntryPoint\",\"urlTemplate\":\"https:\\\/\\\/crtsolution.com\\\/?s={search_term_string}\"},\"query-input\":{\"@type\":\"PropertyValueSpecification\",\"valueRequired\":true,\"valueName\":\"search_term_string\"}}],\"inLanguage\":\"fr-FR\"}]}<\/script>\n<!-- \/ Yoast SEO plugin. -->","yoast_head_json":{"title":"Consultants and Trainers - site.crtsolution","robots":{"index":"index","follow":"follow","max-snippet":"max-snippet:-1","max-image-preview":"max-image-preview:large","max-video-preview":"max-video-preview:-1"},"canonical":"https:\/\/crtsolution.com\/fr\/consultants-and-trainers\/","og_locale":"fr_FR","og_type":"article","og_title":"Consultants and Trainers - site.crtsolution","og_description":"About Consultants and trainers Linda Forcione, B.Sc., Cert.Ed., Training Director Linda Forcione is a bilingual (English and French) Clinical Research Professional with extensive global experience working in the Pharmaceutical, Biotech and Contract Research Organization (CRO) sectors.\u00a0 She has full-scope GXP international experience in Training Development and Delivery, Quality Assurance and Control, Standard Operating Procedures, Study [&hellip;]","og_url":"https:\/\/crtsolution.com\/fr\/consultants-and-trainers\/","og_site_name":"site.crtsolution","article_modified_time":"2025-10-14T19:23:42+00:00","twitter_card":"summary_large_image","twitter_misc":{"Dur\u00e9e de lecture estim\u00e9e":"1 minute"},"schema":{"@context":"https:\/\/schema.org","@graph":[{"@type":"WebPage","@id":"https:\/\/crtsolution.com\/consultants-and-trainers\/","url":"https:\/\/crtsolution.com\/consultants-and-trainers\/","name":"Consultants and Trainers - site.crtsolution","isPartOf":{"@id":"https:\/\/crtsolution.com\/#website"},"datePublished":"2021-08-15T17:28:09+00:00","dateModified":"2025-10-14T19:23:42+00:00","breadcrumb":{"@id":"https:\/\/crtsolution.com\/consultants-and-trainers\/#breadcrumb"},"inLanguage":"fr-FR","potentialAction":[{"@type":"ReadAction","target":["https:\/\/crtsolution.com\/consultants-and-trainers\/"]}]},{"@type":"BreadcrumbList","@id":"https:\/\/crtsolution.com\/consultants-and-trainers\/#breadcrumb","itemListElement":[{"@type":"ListItem","position":1,"name":"Home","item":"https:\/\/crtsolution.com\/"},{"@type":"ListItem","position":2,"name":"Consultants and Trainers"}]},{"@type":"WebSite","@id":"https:\/\/crtsolution.com\/#website","url":"https:\/\/crtsolution.com\/","name":"site.crtsolution","description":"","potentialAction":[{"@type":"SearchAction","target":{"@type":"EntryPoint","urlTemplate":"https:\/\/crtsolution.com\/?s={search_term_string}"},"query-input":{"@type":"PropertyValueSpecification","valueRequired":true,"valueName":"search_term_string"}}],"inLanguage":"fr-FR"}]}},"_links":{"self":[{"href":"https:\/\/crtsolution.com\/fr\/wp-json\/wp\/v2\/pages\/1110","targetHints":{"allow":["GET"]}}],"collection":[{"href":"https:\/\/crtsolution.com\/fr\/wp-json\/wp\/v2\/pages"}],"about":[{"href":"https:\/\/crtsolution.com\/fr\/wp-json\/wp\/v2\/types\/page"}],"author":[{"embeddable":true,"href":"https:\/\/crtsolution.com\/fr\/wp-json\/wp\/v2\/users\/1"}],"replies":[{"embeddable":true,"href":"https:\/\/crtsolution.com\/fr\/wp-json\/wp\/v2\/comments?post=1110"}],"version-history":[{"count":50,"href":"https:\/\/crtsolution.com\/fr\/wp-json\/wp\/v2\/pages\/1110\/revisions"}],"predecessor-version":[{"id":13079,"href":"https:\/\/crtsolution.com\/fr\/wp-json\/wp\/v2\/pages\/1110\/revisions\/13079"}],"wp:attachment":[{"href":"https:\/\/crtsolution.com\/fr\/wp-json\/wp\/v2\/media?parent=1110"}],"curies":[{"name":"wp","href":"https:\/\/api.w.org\/{rel}","templated":true}]}}